{"id":53,"date":"2016-04-26T11:20:01","date_gmt":"2016-04-26T11:20:01","guid":{"rendered":"http:\/\/otium-courtage.com\/?page_id=53"},"modified":"2020-10-26T15:26:00","modified_gmt":"2020-10-26T14:26:00","slug":"articles","status":"publish","type":"page","link":"https:\/\/otium-courtage.com\/index.php\/articles\/","title":{"rendered":"Articles"},"content":{"rendered":"<p>[vc_row full_width=\u00a0\u00bbstretch_row\u00a0\u00bb inverse=\u00a0\u00bb\u00a0\u00bb][vc_column][vc_empty_space height=\u00a0\u00bb4.2em\u00a0\u00bb]<div class=\"sc_section margin_top_huge margin_bottom_huge\"><div class=\"sc_section_inner\"><h2 class=\"sc_section_title sc_item_title\">Chaque mois un article d'informations pour mieux vous conseiller !<\/h2><div class=\"sc_section_descr sc_item_descr\">OTIUM Courtage et ses experts vous informe de l'actualit\u00e9 du monde de l'immobilier, du courtage, de la fiscalit\u00e9, des pr\u00eats ...<\/div><div class=\"sc_section_content_wrap\">[vc_empty_space height=\u00a0\u00bb0.7em\u00a0\u00bb]<\/div><\/div><\/div>[vc_empty_space height=\u00a0\u00bb2em\u00a0\u00bb][\/vc_column][\/vc_row][vc_row][vc_column][vc_column_text]<div class=\"widget_area sc_recent_news_wrap vc_recent_news wpb_content_element\"><aside id=\"widget_recent_news\" class=\"widget widget_recent_news\"><div class=\"sc_recent_news sc_recent_news_style_news-announce sc_recent_news_with_accented\"><article id=\"post-282\"\n\t\t\tclass=\"post_item post_layout_news-announce post_format_gallery post_size_full post-282 post type-post status-publish format-gallery has-post-thumbnail hentry category-courtage tag-finance tag-nouveautes tag-pret-immobilier post_format-post-format-gallery\"\t\t\t>\n\t\t\t\t\t\t\t\t\t\t<div class=\"post_featured\">\n\t\t\t\t\t\n\t\t\t\t<div id=\"sc_slider_547620273\" class=\"sc_slider sc_slider_swiper swiper-slider-container sc_slider_controls sc_slider_pagination\" data-old-width=\"370\" data-old-height=\"334\" data-interval=\"6687\">\n\t\t\t\t\t<div class=\"slides swiper-wrapper\" style=\"height:334px;\">\n\t\t\t\t\t<div class=\"swiper-slide\" style=\"background-image:url(https:\/\/otium-courtage.com\/wp-content\/uploads\/2016\/04\/courtier_immobilier_01-370x334.jpg);width:370px;height:334px;\"><a href=\"https:\/\/otium-courtage.com\/index.php\/2016\/04\/30\/dans-quelles-conditions-contacter-un-courtier-immobilier\/\"><\/a><\/div><div class=\"swiper-slide\" style=\"background-image:url(https:\/\/otium-courtage.com\/wp-content\/uploads\/2016\/04\/courtier_immobilier_02-370x334.jpg);width:370px;height:334px;\"><a href=\"https:\/\/otium-courtage.com\/index.php\/2016\/04\/30\/dans-quelles-conditions-contacter-un-courtier-immobilier\/\"><\/a><\/div><div class=\"swiper-slide\" style=\"background-image:url(https:\/\/otium-courtage.com\/wp-content\/uploads\/2016\/04\/courtier_immobilier_03-370x334.jpg);width:370px;height:334px;\"><a href=\"https:\/\/otium-courtage.com\/index.php\/2016\/04\/30\/dans-quelles-conditions-contacter-un-courtier-immobilier\/\"><\/a><\/div><\/div><div class=\"sc_slider_controls_wrap\"><a class=\"sc_slider_prev\" href=\"#\"><\/a><a class=\"sc_slider_next\" href=\"#\"><\/a><\/div><div class=\"sc_slider_pagination_wrap\"><\/div><\/div>\t\t\t\t<\/div>\n\t\t\t\t\t\t<div class=\"post_des\">\n\t\t\t\t\t\t\t\t\t<div class=\"cat_post_info\"><span class=\"post_categories\"><a class=\"category_link\" href=\"https:\/\/otium-courtage.com\/index.php\/category\/courtage\/\">Courtage<\/a><\/span><\/div>\n\t\t\t\t\t\t\t\t\t\t\t\t\t<h5 class=\"post_title entry-title\"><a href=\"https:\/\/otium-courtage.com\/index.php\/2016\/04\/30\/dans-quelles-conditions-contacter-un-courtier-immobilier\/\" rel=\"bookmark\">Dans quelles conditions contacter un courtier immobilier ?<\/a><\/h5>\n\t\t\t\t\t\t<div class=\"post_info\">\n\t\t\t\t\t\t\t<span class=\"post_meta_date\">30 avril 2016<\/span>\n\t\t\t\t\t\t\t<!--<span class=\"post_meta_comments icon-comment-light\">0<\/span>-->\n\t\t\t\t\t\t<\/div>\n\t\t\t\t<p>[vc_row][vc_column][vc_column_text] \u00a0 Vous souhaitez acheter un bien immobilier...<\/p>\n\t\t\t\t\t<a class=\"readmore\" href=\"https:\/\/otium-courtage.com\/index.php\/2016\/04\/30\/dans-quelles-conditions-contacter-un-courtier-immobilier\/\">Lire la suite<\/a>\t\t\t<\/div>\n\n\t\t<\/article>\n\t\t<\/div><!-- \/.sc_recent_news --><\/aside><\/div><!-- \/.sc_recent_news_wrap --><div class=\"sc_section margin_top_tiny aligncenter\"><div class=\"sc_section_inner\"><div class=\"sc_section_content_wrap\"><a href=\"#\" class=\"sc_button sc_button_square sc_button_style_border sc_button_size_medium margin_top_tiny\">Voir plus d&rsquo;articles<\/a><\/div><\/div><\/div>[\/vc_column_text][\/vc_column][\/vc_row]<\/p>\n","protected":false},"excerpt":{"rendered":"<p>[vc_row full_width=\u00a0\u00bbstretch_row\u00a0\u00bb inverse=\u00a0\u00bb\u00a0\u00bb][vc_column][vc_empty_space height=\u00a0\u00bb4.2em\u00a0\u00bb][vc_empty_space height=\u00a0\u00bb2em\u00a0\u00bb][\/vc_column][\/vc_row][vc_row][vc_column][vc_column_text][\/vc_column_text][\/vc_column][\/vc_row]<\/p>\n","protected":false},"author":1,"featured_media":0,"parent":0,"menu_order":0,"comment_status":"closed","ping_status":"closed","template":"","meta":{"footnotes":""},"class_list":["post-53","page","type-page","status-publish","hentry"],"yoast_head":"<!-- This site is optimized with the Yoast SEO plugin v23.1 - https:\/\/yoast.com\/wordpress\/plugins\/seo\/ -->\n<title>Articles - OTIUM Courtage - Courtier Immobilier<\/title>\n<meta name=\"robots\" content=\"index, follow, max-snippet:-1, max-image-preview:large, max-video-preview:-1\" \/>\n<link rel=\"canonical\" href=\"https:\/\/otium-courtage.com\/index.php\/articles\/\" \/>\n<meta property=\"og:locale\" content=\"fr_FR\" \/>\n<meta property=\"og:type\" content=\"article\" \/>\n<meta property=\"og:title\" content=\"Articles - OTIUM Courtage - Courtier Immobilier\" \/>\n<meta property=\"og:description\" content=\"[vc_row full_width=\u00a0\u00bbstretch_row\u00a0\u00bb inverse=\u00a0\u00bb\u00a0\u00bb][vc_column][vc_empty_space height=\u00a0\u00bb4.2em\u00a0\u00bb][vc_empty_space height=\u00a0\u00bb2em\u00a0\u00bb][\/vc_column][\/vc_row][vc_row][vc_column][vc_column_text][\/vc_column_text][\/vc_column][\/vc_row]\" \/>\n<meta property=\"og:url\" content=\"https:\/\/otium-courtage.com\/index.php\/articles\/\" \/>\n<meta property=\"og:site_name\" content=\"OTIUM Courtage - Courtier Immobilier\" \/>\n<meta property=\"article:modified_time\" content=\"2020-10-26T14:26:00+00:00\" \/>\n<meta name=\"twitter:card\" content=\"summary_large_image\" \/>\n<meta name=\"twitter:label1\" content=\"Dur\u00e9e de lecture estim\u00e9e\" \/>\n\t<meta name=\"twitter:data1\" content=\"1 minute\" \/>\n<script type=\"application\/ld+json\" class=\"yoast-schema-graph\">{\"@context\":\"https:\/\/schema.org\",\"@graph\":[{\"@type\":\"WebPage\",\"@id\":\"https:\/\/otium-courtage.com\/index.php\/articles\/\",\"url\":\"https:\/\/otium-courtage.com\/index.php\/articles\/\",\"name\":\"Articles - OTIUM Courtage - Courtier Immobilier\",\"isPartOf\":{\"@id\":\"https:\/\/otium-courtage.com\/#website\"},\"datePublished\":\"2016-04-26T11:20:01+00:00\",\"dateModified\":\"2020-10-26T14:26:00+00:00\",\"breadcrumb\":{\"@id\":\"https:\/\/otium-courtage.com\/index.php\/articles\/#breadcrumb\"},\"inLanguage\":\"fr-FR\",\"potentialAction\":[{\"@type\":\"ReadAction\",\"target\":[\"https:\/\/otium-courtage.com\/index.php\/articles\/\"]}]},{\"@type\":\"BreadcrumbList\",\"@id\":\"https:\/\/otium-courtage.com\/index.php\/articles\/#breadcrumb\",\"itemListElement\":[{\"@type\":\"ListItem\",\"position\":1,\"name\":\"Accueil\",\"item\":\"https:\/\/otium-courtage.com\/\"},{\"@type\":\"ListItem\",\"position\":2,\"name\":\"Articles\"}]},{\"@type\":\"WebSite\",\"@id\":\"https:\/\/otium-courtage.com\/#website\",\"url\":\"https:\/\/otium-courtage.com\/\",\"name\":\"OTIUM Courtage - Courtier Immobilier\",\"description\":\"\",\"potentialAction\":[{\"@type\":\"SearchAction\",\"target\":{\"@type\":\"EntryPoint\",\"urlTemplate\":\"https:\/\/otium-courtage.com\/?s={search_term_string}\"},\"query-input\":\"required name=search_term_string\"}],\"inLanguage\":\"fr-FR\"}]}<\/script>\n<!-- \/ Yoast SEO plugin. -->","yoast_head_json":{"title":"Articles - OTIUM Courtage - Courtier Immobilier","robots":{"index":"index","follow":"follow","max-snippet":"max-snippet:-1","max-image-preview":"max-image-preview:large","max-video-preview":"max-video-preview:-1"},"canonical":"https:\/\/otium-courtage.com\/index.php\/articles\/","og_locale":"fr_FR","og_type":"article","og_title":"Articles - OTIUM Courtage - Courtier Immobilier","og_description":"[vc_row full_width=\u00a0\u00bbstretch_row\u00a0\u00bb inverse=\u00a0\u00bb\u00a0\u00bb][vc_column][vc_empty_space height=\u00a0\u00bb4.2em\u00a0\u00bb][vc_empty_space height=\u00a0\u00bb2em\u00a0\u00bb][\/vc_column][\/vc_row][vc_row][vc_column][vc_column_text][\/vc_column_text][\/vc_column][\/vc_row]","og_url":"https:\/\/otium-courtage.com\/index.php\/articles\/","og_site_name":"OTIUM Courtage - Courtier Immobilier","article_modified_time":"2020-10-26T14:26:00+00:00","twitter_card":"summary_large_image","twitter_misc":{"Dur\u00e9e de lecture estim\u00e9e":"1 minute"},"schema":{"@context":"https:\/\/schema.org","@graph":[{"@type":"WebPage","@id":"https:\/\/otium-courtage.com\/index.php\/articles\/","url":"https:\/\/otium-courtage.com\/index.php\/articles\/","name":"Articles - OTIUM Courtage - Courtier Immobilier","isPartOf":{"@id":"https:\/\/otium-courtage.com\/#website"},"datePublished":"2016-04-26T11:20:01+00:00","dateModified":"2020-10-26T14:26:00+00:00","breadcrumb":{"@id":"https:\/\/otium-courtage.com\/index.php\/articles\/#breadcrumb"},"inLanguage":"fr-FR","potentialAction":[{"@type":"ReadAction","target":["https:\/\/otium-courtage.com\/index.php\/articles\/"]}]},{"@type":"BreadcrumbList","@id":"https:\/\/otium-courtage.com\/index.php\/articles\/#breadcrumb","itemListElement":[{"@type":"ListItem","position":1,"name":"Accueil","item":"https:\/\/otium-courtage.com\/"},{"@type":"ListItem","position":2,"name":"Articles"}]},{"@type":"WebSite","@id":"https:\/\/otium-courtage.com\/#website","url":"https:\/\/otium-courtage.com\/","name":"OTIUM Courtage - Courtier Immobilier","description":"","potentialAction":[{"@type":"SearchAction","target":{"@type":"EntryPoint","urlTemplate":"https:\/\/otium-courtage.com\/?s={search_term_string}"},"query-input":"required name=search_term_string"}],"inLanguage":"fr-FR"}]}},"_links":{"self":[{"href":"https:\/\/otium-courtage.com\/index.php\/wp-json\/wp\/v2\/pages\/53"}],"collection":[{"href":"https:\/\/otium-courtage.com\/index.php\/wp-json\/wp\/v2\/pages"}],"about":[{"href":"https:\/\/otium-courtage.com\/index.php\/wp-json\/wp\/v2\/types\/page"}],"author":[{"embeddable":true,"href":"https:\/\/otium-courtage.com\/index.php\/wp-json\/wp\/v2\/users\/1"}],"replies":[{"embeddable":true,"href":"https:\/\/otium-courtage.com\/index.php\/wp-json\/wp\/v2\/comments?post=53"}],"version-history":[{"count":10,"href":"https:\/\/otium-courtage.com\/index.php\/wp-json\/wp\/v2\/pages\/53\/revisions"}],"predecessor-version":[{"id":1307,"href":"https:\/\/otium-courtage.com\/index.php\/wp-json\/wp\/v2\/pages\/53\/revisions\/1307"}],"wp:attachment":[{"href":"https:\/\/otium-courtage.com\/index.php\/wp-json\/wp\/v2\/media?parent=53"}],"curies":[{"name":"wp","href":"https:\/\/api.w.org\/{rel}","templated":true}]}}