{"id":158,"date":"2016-04-28T13:06:47","date_gmt":"2016-04-28T13:06:47","guid":{"rendered":"http:\/\/otium-courtage.com\/?page_id=158"},"modified":"2020-12-02T11:25:26","modified_gmt":"2020-12-02T10:25:26","slug":"a_propos","status":"publish","type":"page","link":"https:\/\/otium-courtage.com\/index.php\/a_propos\/","title":{"rendered":"L&rsquo;Agence"},"content":{"rendered":"<p>[vc_row full_width=\u00a0\u00bbstretch_row\u00a0\u00bb inverse=\u00a0\u00bb\u00a0\u00bb css=\u00a0\u00bb.vc_custom_1467801068186{background-color: #ffffff !important;}\u00a0\u00bb][vc_column][vc_empty_space height=\u00a0\u00bb4.2em\u00a0\u00bb]<div class=\"sc_section margin_top_huge margin_bottom_huge\"><div class=\"sc_section_inner\"><h2 class=\"sc_section_title sc_item_title\">N\u00e9 il y a 9 ans d'une envie d'apporter un v\u00e9ritable service \u00e0 ses clients<\/h2><div class=\"sc_section_descr sc_item_descr\">Le projet OTIUM Courtage s\u2019inscrit dans une d\u00e9marche qualitative, sur un projet de vie important, en accompagnant les clients \u00e0 toutes les \u00e9tapes de leur projet immobilier.<\/div><div class=\"sc_section_content_wrap\">[vc_empty_space height=\u00a0\u00bb0.7em\u00a0\u00bb]<div class=\"columns_wrap sc_columns columns_nofluid sc_columns_count_2 margin_top_tiny\"><div class=\"column-1_2 sc_column_item sc_column_item_1 odd first\"><figure class=\"sc_image  style_img sc_image_shape_square\"><img decoding=\"async\" class=\"first\" src=\"https:\/\/otium-courtage.com\/wp-content\/uploads\/2020\/10\/home_2_V2.jpg\" alt=\"\" \/><img decoding=\"async\" class=\"second\" src=\"https:\/\/otium-courtage.com\/wp-content\/uploads\/2016\/04\/home_1_V2.jpg\" alt=\"\" \/><\/figure><\/div><div class=\"column-1_2 sc_column_item sc_column_item_2 even\">[vc_empty_space height=\u00a0\u00bb1.5em\u00a0\u00bb][vc_column_text]<span style=\"font-weight: 400;\">OTIUM Courtage est n\u00e9e il y a maintenant 9 ans, de l\u2019envie d\u2019apporter un v\u00e9ritable service \u00e0 ses clients en leur proposant de g\u00e9rer leur dossier de pr\u00eat immobilier \u00e0 partir de l\u2019\u00e9tablissement d\u2019un calcul d\u2019enveloppe, jusqu\u2019\u00e0 la finalisation du projet chez le notaire et la remise des cl\u00e9s. <\/span>[\/vc_column_text]<h4 class=\"sc_title sc_title_regular margin_top_small margin_bottom_tiny\"><span style=\"font-weight: 400;\">Notre Volont\u00e9<\/span><\/h4>[vc_column_text]<span style=\"font-weight: 400;\">OTIUM Courtage s\u2019inscrit dans une d\u00e9marche qualitative, sur un projet de vie important, en accompagnant les clients dans toutes les \u00e9tapes de leur projet immobilier. Les conseillers OTIUM Courtage se mettent \u00e0 la disposition des clients, en se d\u00e9pla\u00e7ant \u00e0 domicile, sur leur lieu de travail ou autre.<br \/>\nNos conseillers vous accompagnent \u00e9galement en rendez vous banque, g\u00e8rent l\u2019assurance emprunteur, v\u00e9rifient et signent les offres avec vous, g\u00e8re le d\u00e9blocage des fonds et peuvent m\u00eame proposer des solutions d\u2019optimisation fiscale, avec l\u2019aide d\u2019un expert en gestion patrimoine. <\/span>[\/vc_column_text]<\/div><\/div><\/div><\/div><\/div>[vc_empty_space height=\u00a0\u00bb2em\u00a0\u00bb][\/vc_column][\/vc_row][vc_row full_width=\u00a0\u00bbstretch_row_content_no_spaces\u00a0\u00bb][vc_column]<div class=\"columns_wrap sc_columns columns_nofluid no_margins sc_columns_count_3 width_1_3 \" data-equal-height=\".sc_column_item\"><div class=\"column-1_3 sc_column_item sc_column_item_1 odd first\" style=\"text-align:center;\"><div class=\"sc_column_item_inner\" style=\"background-image:url(https:\/\/otium-courtage.com\/wp-content\/uploads\/2020\/10\/bg_video_V2.jpg);background-repeat:no-repeat;background-size:cover;background-position: center center;\">[vc_empty_space]<\/div><\/div><div class=\"column-2_3 sc_column_item sc_column_item_2 even span_2\">[vc_empty_space height=\u00a0\u00bb2.2em\u00a0\u00bb]<div id=\"sc_services_470263315_wrap\" class=\"sc_services_wrap\"><div id=\"sc_services_470263315\" class=\"sc_services sc_services_style_services-2 sc_services_type_icons_img  margin_top_huge margin_right_medium margin_bottom_huge margin_left_medium\"><h2 class=\"sc_services_title sc_item_title\">Confiez Nous Votre Projet Immobilier<\/h2><div class=\"sc_services_descr sc_item_descr\">De l\u2019\u00e9tablissement d\u2019un calcul d\u2019enveloppe \u00e0 la remise des cl\u00e9s.<\/div><div class=\"sc_columns columns_wrap\"><div class=\"column-1_3 column_padding_bottom\">\t\t\t<div id=\"sc_services_470263315_1\"\t\t\t\tclass=\"sc_services_item sc_services_item_1 odd first\"\n\t\t\t\t>\n\t\t\t\t<div class=\"top_post_image\"><a href=\"https:\/\/otium-courtage.com\/index.php\/services\/financement\/\"><img decoding=\"async\" class=\"services-post-image\" alt=\"1\" src=\"https:\/\/otium-courtage.com\/wp-content\/uploads\/2016\/04\/min_service_01.png\"><\/a><\/div>\t\t\t\t<div class=\"sc_services_item_content\">\n\t\t\t\t\t<h4 class=\"sc_services_item_title\"><a href=\"https:\/\/otium-courtage.com\/index.php\/services\/financement\/\">Financement<\/a><\/h4>\t\t\t\t\t<div class=\"sc_services_item_description\">\n\t\t\t\t\t\t<p>R\u00e9sidence Principale ou Secondaire, Investissement Locatif, Ren\u00e9gotiation<\/p>\t\t\t\t\t<\/div>\n\t\t\t\t<\/div>\n\t\t\t<\/div>\n\t\t<\/div><div class=\"column-1_3 column_padding_bottom\">\t\t\t<div id=\"sc_services_470263315_2\"\t\t\t\tclass=\"sc_services_item sc_services_item_2 even\"\n\t\t\t\t>\n\t\t\t\t<div class=\"top_post_image\"><a href=\"https:\/\/otium-courtage.com\/index.php\/services\/accompagnement\/\"><img decoding=\"async\" class=\"services-post-image\" alt=\"1\" src=\"https:\/\/otium-courtage.com\/wp-content\/uploads\/2016\/04\/min_service_02.png\"><\/a><\/div>\t\t\t\t<div class=\"sc_services_item_content\">\n\t\t\t\t\t<h4 class=\"sc_services_item_title\"><a href=\"https:\/\/otium-courtage.com\/index.php\/services\/accompagnement\/\">Accompagnement<\/a><\/h4>\t\t\t\t\t<div class=\"sc_services_item_description\">\n\t\t\t\t\t\t<p>A vos c\u00f4t\u00e9s pendant tout le process de votre achat\u2026.Et bien plus encore.<\/p>\t\t\t\t\t<\/div>\n\t\t\t\t<\/div>\n\t\t\t<\/div>\n\t\t<\/div><div class=\"column-1_3 column_padding_bottom\">\t\t\t<div id=\"sc_services_470263315_3\"\t\t\t\tclass=\"sc_services_item sc_services_item_3 odd\"\n\t\t\t\t>\n\t\t\t\t<div class=\"top_post_image\"><a href=\"https:\/\/otium-courtage.com\/index.php\/services\/gain-de-temps\/\"><img decoding=\"async\" class=\"services-post-image\" alt=\"1\" src=\"https:\/\/otium-courtage.com\/wp-content\/uploads\/2016\/04\/min_service_03.png\"><\/a><\/div>\t\t\t\t<div class=\"sc_services_item_content\">\n\t\t\t\t\t<h4 class=\"sc_services_item_title\"><a href=\"https:\/\/otium-courtage.com\/index.php\/services\/gain-de-temps\/\">Gain de Temps<\/a><\/h4>\t\t\t\t\t<div class=\"sc_services_item_description\">\n\t\t\t\t\t\t<p>OTIUM Courtage est l\u00e0 pour vous faire gagner du temps et de l\u2019argent<\/p>\t\t\t\t\t<\/div>\n\t\t\t\t<\/div>\n\t\t\t<\/div>\n\t\t<\/div><div class=\"column-1_3 column_padding_bottom\">\t\t\t<div id=\"sc_services_470263315_4\"\t\t\t\tclass=\"sc_services_item sc_services_item_4 even\"\n\t\t\t\t>\n\t\t\t\t<div class=\"top_post_image\"><a href=\"https:\/\/otium-courtage.com\/index.php\/services\/reseau-professionnel\/\"><img decoding=\"async\" class=\"services-post-image\" alt=\"1\" src=\"https:\/\/otium-courtage.com\/wp-content\/uploads\/2016\/04\/min_service_06.png\"><\/a><\/div>\t\t\t\t<div class=\"sc_services_item_content\">\n\t\t\t\t\t<h4 class=\"sc_services_item_title\"><a href=\"https:\/\/otium-courtage.com\/index.php\/services\/reseau-professionnel\/\">R\u00e9seau Professionnel<\/a><\/h4>\t\t\t\t\t<div class=\"sc_services_item_description\">\n\t\t\t\t\t\t<p>Nos partenaires professionnel de l\u2019immobilier, des banques et des assurances<\/p>\t\t\t\t\t<\/div>\n\t\t\t\t<\/div>\n\t\t\t<\/div>\n\t\t<\/div><div class=\"column-1_3 column_padding_bottom\">\t\t\t<div id=\"sc_services_470263315_5\"\t\t\t\tclass=\"sc_services_item sc_services_item_5 odd\"\n\t\t\t\t>\n\t\t\t\t<div class=\"top_post_image\"><a href=\"https:\/\/otium-courtage.com\/index.php\/services\/mandat-conseil\/\"><img decoding=\"async\" class=\"services-post-image\" alt=\"1\" src=\"https:\/\/otium-courtage.com\/wp-content\/uploads\/2016\/04\/min_service_05.png\"><\/a><\/div>\t\t\t\t<div class=\"sc_services_item_content\">\n\t\t\t\t\t<h4 class=\"sc_services_item_title\"><a href=\"https:\/\/otium-courtage.com\/index.php\/services\/mandat-conseil\/\">Mandat Conseil \u2013 Mandat IOB<\/a><\/h4>\t\t\t\t\t<div class=\"sc_services_item_description\">\n\t\t\t\t\t\t<p>Assistance professionnelle ou prise en main compl\u00e8te de vos d\u00e9marches<\/p>\t\t\t\t\t<\/div>\n\t\t\t\t<\/div>\n\t\t\t<\/div>\n\t\t<\/div><div class=\"column-1_3 column_padding_bottom\">\t\t\t<div id=\"sc_services_470263315_6\"\t\t\t\tclass=\"sc_services_item sc_services_item_6 even\"\n\t\t\t\t>\n\t\t\t\t<div class=\"top_post_image\"><a href=\"https:\/\/otium-courtage.com\/index.php\/services\/renegociation-credits-assurance-emprunteur\/\"><img decoding=\"async\" class=\"services-post-image\" alt=\"1\" src=\"https:\/\/otium-courtage.com\/wp-content\/uploads\/2016\/04\/min_service_04.png\"><\/a><\/div>\t\t\t\t<div class=\"sc_services_item_content\">\n\t\t\t\t\t<h4 class=\"sc_services_item_title\"><a href=\"https:\/\/otium-courtage.com\/index.php\/services\/renegociation-credits-assurance-emprunteur\/\">Ren\u00e9gociation Cr\u00e9dits \u2013 Assurance Emprunteur<\/a><\/h4>\t\t\t\t\t<div class=\"sc_services_item_description\">\n\t\t\t\t\t\t<p>Avec OTIUM Courtage ren\u00e9gocier votre pr\u00eat et votre assurance Emprunteur<\/p>\t\t\t\t\t<\/div>\n\t\t\t\t<\/div>\n\t\t\t<\/div>\n\t\t<\/div><\/div><\/div><!-- \/.sc_services --><\/div><!-- \/.sc_services_wrap -->[vc_empty_space height=\u00a0\u00bb0.3em\u00a0\u00bb]<\/div><\/div>[\/vc_column][\/vc_row][vc_row full_width=\u00a0\u00bbstretch_row\u00a0\u00bb css=\u00a0\u00bb.vc_custom_1467710086948{background-color: #ffffff !important;}\u00a0\u00bb][vc_column][vc_empty_space height=\u00a0\u00bb2em\u00a0\u00bb]<div id=\"sc_team_1373256843_wrap\" class=\"sc_team_wrap\"><div id=\"sc_team_1373256843\" class=\"sc_team sc_team_style_team-3  margin_top_huge margin_bottom_huge aligncenter\" style=\"width:100%;\"><h2 class=\"sc_team_title sc_item_title\">Notre \u00c9quipe<\/h2><div class=\"sc_team_descr sc_item_descr\">Nous travaillons pour que votre projet se r\u00e9alise efficacement pour vous.<br \/>\nRencontrez nos sp\u00e9cialistes financiers et conseils.<\/div><div class=\"sc_columns columns_wrap\"><div class=\"column-1_4 column_padding_bottom\">\t\t\t<div id=\"sc_team_1373256843_1\"\t\t\t\tclass=\"sc_team_item sc_team_item_1 odd first\"\n\t\t\t\t>\n\t\t\t\t<div class=\"sc_team_item_avatar\"><img loading=\"lazy\" decoding=\"async\" class=\"wp-post-image\" width=\"370\" height=\"334\" alt=\"St\u00e9phane Pimpot\" src=\"https:\/\/otium-courtage.com\/wp-content\/uploads\/2016\/07\/team-stephane_pimpot-370x334.png\">\t\t\t\t\t<div class=\"sc_team_item_hover\">\n\t\t\t\t\t\t<div class=\"sc_team_item_socials\"><\/div>\n\t\t\t\t\t<\/div>\n\t\t\t\t<\/div>\n\t\t\t\t<div class=\"sc_team_item_info\">\n\t\t\t\t\t<h5 class=\"sc_team_item_title\"><a href=\"https:\/\/otium-courtage.com\/index.php\/team\/stephane-pimpot\/\">St\u00e9phane Pimpot<\/a><\/h5>\n\t\t\t\t\t<div class=\"sc_team_item_position\">Dirigeant et Expert en Cr\u00e9dit Immobilier et Assurance Emprunteur<\/div>\n\t\t\t\t<\/div>\n\t\t\t<\/div>\n\t\t<\/div><div class=\"column-1_4 column_padding_bottom\">\t\t\t<div id=\"sc_team_1373256843_2\"\t\t\t\tclass=\"sc_team_item sc_team_item_2 even\"\n\t\t\t\t>\n\t\t\t\t<div class=\"sc_team_item_avatar\"><img loading=\"lazy\" decoding=\"async\" class=\"wp-post-image\" width=\"370\" height=\"334\" alt=\"Alexandre Sarton\" src=\"https:\/\/otium-courtage.com\/wp-content\/uploads\/2016\/04\/team-alexandre-sarton-370x334-1.png\">\t\t\t\t\t<div class=\"sc_team_item_hover\">\n\t\t\t\t\t\t<div class=\"sc_team_item_socials\"><\/div>\n\t\t\t\t\t<\/div>\n\t\t\t\t<\/div>\n\t\t\t\t<div class=\"sc_team_item_info\">\n\t\t\t\t\t<h5 class=\"sc_team_item_title\"><a href=\"https:\/\/otium-courtage.com\/index.php\/team\/alexandre-sarton\/\">Alexandre Sarton<\/a><\/h5>\n\t\t\t\t\t<div class=\"sc_team_item_position\">Expert en Cr\u00e9dit Immobilier et Assurance Emprunteur<\/div>\n\t\t\t\t<\/div>\n\t\t\t<\/div>\n\t\t<\/div><div class=\"column-1_4 column_padding_bottom\">\t\t\t<div id=\"sc_team_1373256843_3\"\t\t\t\tclass=\"sc_team_item sc_team_item_3 odd\"\n\t\t\t\t>\n\t\t\t\t<div class=\"sc_team_item_avatar\"><img loading=\"lazy\" decoding=\"async\" class=\"wp-post-image\" width=\"370\" height=\"334\" alt=\"Sylvain Qu\u00e9r\u00e9\" src=\"https:\/\/otium-courtage.com\/wp-content\/uploads\/2020\/10\/team_sylvain_quere-370x334.png\">\t\t\t\t\t<div class=\"sc_team_item_hover\">\n\t\t\t\t\t\t<div class=\"sc_team_item_socials\"><\/div>\n\t\t\t\t\t<\/div>\n\t\t\t\t<\/div>\n\t\t\t\t<div class=\"sc_team_item_info\">\n\t\t\t\t\t<h5 class=\"sc_team_item_title\"><a href=\"https:\/\/otium-courtage.com\/index.php\/team\/sylvain-quere\/\">Sylvain Qu\u00e9r\u00e9<\/a><\/h5>\n\t\t\t\t\t<div class=\"sc_team_item_position\">Conseiller en Gestion Patrimoine Ind\u00e9pendant<\/div>\n\t\t\t\t<\/div>\n\t\t\t<\/div>\n\t\t<\/div><\/div><\/div><!-- \/.sc_team --><\/div><!-- \/.sc_team_wrap -->[vc_empty_space height=\u00a0\u00bb0.5em\u00a0\u00bb][\/vc_column][\/vc_row][vc_row full_width=\u00a0\u00bbstretch_row\u00a0\u00bb inverse=\u00a0\u00bb\u00a0\u00bb css=\u00a0\u00bb.vc_custom_1605265344155{background-color: #ffffff !important;}\u00a0\u00bb][vc_column css=\u00a0\u00bb.vc_custom_1605265144842{background-color: #ffffff !important;}\u00a0\u00bb][vc_empty_space height=\u00a0\u00bb1.8em\u00a0\u00bb]<div id=\"sc_clients_2029064509_wrap\" class=\"sc_clients_wrap\"><div id=\"sc_clients_2029064509\" class=\"sc_clients sc_clients_style_clients-1  margin_top_huge margin_bottom_huge\" style=\"width:100%;\"><h2 class=\"sc_clients_title sc_item_title\">Nos Partenaires<\/h2><div class=\"sc_clients_descr sc_item_descr\">Un r\u00e9seau complet de partenaires est \u00e0 votre disposition pour vous rassurer dans votre projet d\u2019acquisition.<\/div><div class=\"sc_columns columns_wrap\"><div class=\"column-1_6 column_padding_bottom\">\t\t\t<div id=\"sc_clients_2029064509_1\" class=\"sc_clients_item sc_clients_item_1 odd first\">\n\t\t\t\t\t\t\t\t<div class=\"sc_client_image\"><img decoding=\"async\" class=\"wp-post-image\" alt=\"Client 1\" src=\"https:\/\/otium-courtage.com\/wp-content\/uploads\/2016\/04\/partenaires_BNP_Paribas.png\"><\/div>\n\t\t\t\t\t\t\t<\/div>\n\t\t<\/div><div class=\"column-1_6 column_padding_bottom\">\t\t\t<div id=\"sc_clients_2029064509_2\" class=\"sc_clients_item sc_clients_item_2 even\">\n\t\t\t\t\t\t\t\t<div class=\"sc_client_image\"><img decoding=\"async\" class=\"wp-post-image\" alt=\"Client 10\" src=\"https:\/\/otium-courtage.com\/wp-content\/uploads\/2016\/04\/partenaires_interfimo.png\"><\/div>\n\t\t\t\t\t\t\t<\/div>\n\t\t<\/div><div class=\"column-1_6 column_padding_bottom\">\t\t\t<div id=\"sc_clients_2029064509_3\" class=\"sc_clients_item sc_clients_item_3 odd\">\n\t\t\t\t\t\t\t\t<div class=\"sc_client_image\"><img decoding=\"async\" class=\"wp-post-image\" alt=\"Client 11\" src=\"https:\/\/otium-courtage.com\/wp-content\/uploads\/2016\/04\/partenaires_April.png\"><\/div>\n\t\t\t\t\t\t\t<\/div>\n\t\t<\/div><div class=\"column-1_6 column_padding_bottom\">\t\t\t<div id=\"sc_clients_2029064509_4\" class=\"sc_clients_item sc_clients_item_4 even\">\n\t\t\t\t\t\t\t\t<div class=\"sc_client_image\"><img decoding=\"async\" class=\"wp-post-image\" alt=\"Client 12\" src=\"https:\/\/otium-courtage.com\/wp-content\/uploads\/2020\/10\/partenaires_lesmaisonsdemontmorency_V2.png\"><\/div>\n\t\t\t\t\t\t\t<\/div>\n\t\t<\/div><div class=\"column-1_6 column_padding_bottom\">\t\t\t<div id=\"sc_clients_2029064509_5\" class=\"sc_clients_item sc_clients_item_5 odd\">\n\t\t\t\t\t\t\t\t<div class=\"sc_client_image\"><img decoding=\"async\" class=\"wp-post-image\" alt=\"Client 13\" src=\"https:\/\/otium-courtage.com\/wp-content\/uploads\/2016\/04\/partenaires_Bracke_Immobilier.png\"><\/div>\n\t\t\t\t\t\t\t<\/div>\n\t\t<\/div><div class=\"column-1_6 column_padding_bottom\">\t\t\t<div id=\"sc_clients_2029064509_6\" class=\"sc_clients_item sc_clients_item_6 even\">\n\t\t\t\t\t\t\t\t<div class=\"sc_client_image\"><img decoding=\"async\" class=\"wp-post-image\" alt=\"Client 14\" src=\"https:\/\/otium-courtage.com\/wp-content\/uploads\/2020\/10\/partenaires_Davril_Promotion.png\"><\/div>\n\t\t\t\t\t\t\t<\/div>\n\t\t<\/div><\/div><\/div><!-- \/.sc_clients --><\/div><!-- \/.sc_clients_wrap -->[\/vc_column][\/vc_row]<\/p>\n","protected":false},"excerpt":{"rendered":"<p>[vc_row full_width=\u00a0\u00bbstretch_row\u00a0\u00bb inverse=\u00a0\u00bb\u00a0\u00bb css=\u00a0\u00bb.vc_custom_1467801068186{background-color: #ffffff !important;}\u00a0\u00bb][vc_column][vc_empty_space height=\u00a0\u00bb4.2em\u00a0\u00bb][vc_empty_space height=\u00a0\u00bb2em\u00a0\u00bb][\/vc_column][\/vc_row][vc_row full_width=\u00a0\u00bbstretch_row_content_no_spaces\u00a0\u00bb][vc_column][\/vc_column][\/vc_row][vc_row full_width=\u00a0\u00bbstretch_row\u00a0\u00bb css=\u00a0\u00bb.vc_custom_1467710086948{background-color: #ffffff !important;}\u00a0\u00bb][vc_column][vc_empty_space height=\u00a0\u00bb2em\u00a0\u00bb][vc_empty_space height=\u00a0\u00bb0.5em\u00a0\u00bb][\/vc_column][\/vc_row][vc_row full_width=\u00a0\u00bbstretch_row\u00a0\u00bb inverse=\u00a0\u00bb\u00a0\u00bb css=\u00a0\u00bb.vc_custom_1605265344155{background-color: #ffffff !important;}\u00a0\u00bb][vc_column css=\u00a0\u00bb.vc_custom_1605265144842{background-color: #ffffff !important;}\u00a0\u00bb][vc_empty_space height=\u00a0\u00bb1.8em\u00a0\u00bb][\/vc_column][\/vc_row]<\/p>\n","protected":false},"author":1,"featured_media":0,"parent":0,"menu_order":0,"comment_status":"closed","ping_status":"closed","template":"","meta":{"footnotes":""},"class_list":["post-158","page","type-page","status-publish","hentry"],"yoast_head":"<!-- This site is optimized with the Yoast SEO plugin v23.1 - https:\/\/yoast.com\/wordpress\/plugins\/seo\/ -->\n<title>L&#039;Agence - OTIUM Courtage - Courtier Immobilier<\/title>\n<meta name=\"description\" content=\"N\u00e9e il y a maintenant 9 ans, de l\u2019envie d\u2019apporter un v\u00e9ritable service \u00e0 ses clients en g\u00e9rant leur dossier de pr\u00eat immobilier.\" \/>\n<meta name=\"robots\" content=\"index, follow, max-snippet:-1, max-image-preview:large, max-video-preview:-1\" \/>\n<link rel=\"canonical\" href=\"https:\/\/otium-courtage.com\/index.php\/a_propos\/\" \/>\n<meta property=\"og:locale\" content=\"fr_FR\" \/>\n<meta property=\"og:type\" content=\"article\" \/>\n<meta property=\"og:title\" content=\"L&#039;Agence - OTIUM Courtage - Courtier Immobilier\" \/>\n<meta property=\"og:description\" content=\"N\u00e9e il y a maintenant 9 ans, de l\u2019envie d\u2019apporter un v\u00e9ritable service \u00e0 ses clients en g\u00e9rant leur dossier de pr\u00eat immobilier.\" \/>\n<meta property=\"og:url\" content=\"https:\/\/otium-courtage.com\/index.php\/a_propos\/\" \/>\n<meta property=\"og:site_name\" content=\"OTIUM Courtage - Courtier Immobilier\" \/>\n<meta property=\"article:modified_time\" content=\"2020-12-02T10:25:26+00:00\" \/>\n<meta name=\"twitter:card\" content=\"summary_large_image\" \/>\n<meta name=\"twitter:label1\" content=\"Dur\u00e9e de lecture estim\u00e9e\" \/>\n\t<meta name=\"twitter:data1\" content=\"3 minutes\" \/>\n<script type=\"application\/ld+json\" class=\"yoast-schema-graph\">{\"@context\":\"https:\/\/schema.org\",\"@graph\":[{\"@type\":\"WebPage\",\"@id\":\"https:\/\/otium-courtage.com\/index.php\/a_propos\/\",\"url\":\"https:\/\/otium-courtage.com\/index.php\/a_propos\/\",\"name\":\"L'Agence - OTIUM Courtage - Courtier Immobilier\",\"isPartOf\":{\"@id\":\"https:\/\/otium-courtage.com\/#website\"},\"datePublished\":\"2016-04-28T13:06:47+00:00\",\"dateModified\":\"2020-12-02T10:25:26+00:00\",\"description\":\"N\u00e9e il y a maintenant 9 ans, de l\u2019envie d\u2019apporter un v\u00e9ritable service \u00e0 ses clients en g\u00e9rant leur dossier de pr\u00eat immobilier.\",\"breadcrumb\":{\"@id\":\"https:\/\/otium-courtage.com\/index.php\/a_propos\/#breadcrumb\"},\"inLanguage\":\"fr-FR\",\"potentialAction\":[{\"@type\":\"ReadAction\",\"target\":[\"https:\/\/otium-courtage.com\/index.php\/a_propos\/\"]}]},{\"@type\":\"BreadcrumbList\",\"@id\":\"https:\/\/otium-courtage.com\/index.php\/a_propos\/#breadcrumb\",\"itemListElement\":[{\"@type\":\"ListItem\",\"position\":1,\"name\":\"Accueil\",\"item\":\"https:\/\/otium-courtage.com\/\"},{\"@type\":\"ListItem\",\"position\":2,\"name\":\"L&rsquo;Agence\"}]},{\"@type\":\"WebSite\",\"@id\":\"https:\/\/otium-courtage.com\/#website\",\"url\":\"https:\/\/otium-courtage.com\/\",\"name\":\"OTIUM Courtage - Courtier Immobilier\",\"description\":\"\",\"potentialAction\":[{\"@type\":\"SearchAction\",\"target\":{\"@type\":\"EntryPoint\",\"urlTemplate\":\"https:\/\/otium-courtage.com\/?s={search_term_string}\"},\"query-input\":\"required name=search_term_string\"}],\"inLanguage\":\"fr-FR\"}]}<\/script>\n<!-- \/ Yoast SEO plugin. -->","yoast_head_json":{"title":"L'Agence - OTIUM Courtage - Courtier Immobilier","description":"N\u00e9e il y a maintenant 9 ans, de l\u2019envie d\u2019apporter un v\u00e9ritable service \u00e0 ses clients en g\u00e9rant leur dossier de pr\u00eat immobilier.","robots":{"index":"index","follow":"follow","max-snippet":"max-snippet:-1","max-image-preview":"max-image-preview:large","max-video-preview":"max-video-preview:-1"},"canonical":"https:\/\/otium-courtage.com\/index.php\/a_propos\/","og_locale":"fr_FR","og_type":"article","og_title":"L'Agence - OTIUM Courtage - Courtier Immobilier","og_description":"N\u00e9e il y a maintenant 9 ans, de l\u2019envie d\u2019apporter un v\u00e9ritable service \u00e0 ses clients en g\u00e9rant leur dossier de pr\u00eat immobilier.","og_url":"https:\/\/otium-courtage.com\/index.php\/a_propos\/","og_site_name":"OTIUM Courtage - Courtier Immobilier","article_modified_time":"2020-12-02T10:25:26+00:00","twitter_card":"summary_large_image","twitter_misc":{"Dur\u00e9e de lecture estim\u00e9e":"3 minutes"},"schema":{"@context":"https:\/\/schema.org","@graph":[{"@type":"WebPage","@id":"https:\/\/otium-courtage.com\/index.php\/a_propos\/","url":"https:\/\/otium-courtage.com\/index.php\/a_propos\/","name":"L'Agence - OTIUM Courtage - Courtier Immobilier","isPartOf":{"@id":"https:\/\/otium-courtage.com\/#website"},"datePublished":"2016-04-28T13:06:47+00:00","dateModified":"2020-12-02T10:25:26+00:00","description":"N\u00e9e il y a maintenant 9 ans, de l\u2019envie d\u2019apporter un v\u00e9ritable service \u00e0 ses clients en g\u00e9rant leur dossier de pr\u00eat immobilier.","breadcrumb":{"@id":"https:\/\/otium-courtage.com\/index.php\/a_propos\/#breadcrumb"},"inLanguage":"fr-FR","potentialAction":[{"@type":"ReadAction","target":["https:\/\/otium-courtage.com\/index.php\/a_propos\/"]}]},{"@type":"BreadcrumbList","@id":"https:\/\/otium-courtage.com\/index.php\/a_propos\/#breadcrumb","itemListElement":[{"@type":"ListItem","position":1,"name":"Accueil","item":"https:\/\/otium-courtage.com\/"},{"@type":"ListItem","position":2,"name":"L&rsquo;Agence"}]},{"@type":"WebSite","@id":"https:\/\/otium-courtage.com\/#website","url":"https:\/\/otium-courtage.com\/","name":"OTIUM Courtage - Courtier Immobilier","description":"","potentialAction":[{"@type":"SearchAction","target":{"@type":"EntryPoint","urlTemplate":"https:\/\/otium-courtage.com\/?s={search_term_string}"},"query-input":"required name=search_term_string"}],"inLanguage":"fr-FR"}]}},"_links":{"self":[{"href":"https:\/\/otium-courtage.com\/index.php\/wp-json\/wp\/v2\/pages\/158"}],"collection":[{"href":"https:\/\/otium-courtage.com\/index.php\/wp-json\/wp\/v2\/pages"}],"about":[{"href":"https:\/\/otium-courtage.com\/index.php\/wp-json\/wp\/v2\/types\/page"}],"author":[{"embeddable":true,"href":"https:\/\/otium-courtage.com\/index.php\/wp-json\/wp\/v2\/users\/1"}],"replies":[{"embeddable":true,"href":"https:\/\/otium-courtage.com\/index.php\/wp-json\/wp\/v2\/comments?post=158"}],"version-history":[{"count":17,"href":"https:\/\/otium-courtage.com\/index.php\/wp-json\/wp\/v2\/pages\/158\/revisions"}],"predecessor-version":[{"id":1365,"href":"https:\/\/otium-courtage.com\/index.php\/wp-json\/wp\/v2\/pages\/158\/revisions\/1365"}],"wp:attachment":[{"href":"https:\/\/otium-courtage.com\/index.php\/wp-json\/wp\/v2\/media?parent=158"}],"curies":[{"name":"wp","href":"https:\/\/api.w.org\/{rel}","templated":true}]}}